{"id":6,"date":"2026-01-20T11:51:02","date_gmt":"2026-01-20T10:51:02","guid":{"rendered":"https:\/\/www.dychajsam.sk\/?page_id=6"},"modified":"2026-02-18T08:40:16","modified_gmt":"2026-02-18T07:40:16","slug":"hlavna-stranka","status":"publish","type":"page","link":"https:\/\/www.dychajsam.sk\/","title":{"rendered":"Hlavn\u00e1 str\u00e1nka"},"content":{"rendered":"\t\t<div data-elementor-type=\"wp-page\" data-elementor-id=\"6\" class=\"elementor elementor-6\" data-elementor-post-type=\"page\">\n\t\t\t\t<div class=\"elementor-element elementor-element-ddd1981 e-flex e-con-boxed e-con e-parent\" data-id=\"ddd1981\" data-element_type=\"container\" data-settings=\"{&quot;background_background&quot;:&quot;classic&quot;}\">\n\t\t\t\t\t<div class=\"e-con-inner\">\n\t\t<div class=\"elementor-element elementor-element-0c71d63 e-con-full e-flex e-con e-child\" data-id=\"0c71d63\" data-element_type=\"container\">\n\t\t\t\t<div class=\"elementor-element elementor-element-ad6209d elementor-widget elementor-widget-image\" data-id=\"ad6209d\" data-element_type=\"widget\" data-widget_type=\"image.default\">\n\t\t\t\t\t\t\t\t\t\t\t\t\t\t\t<img fetchpriority=\"high\" decoding=\"async\" width=\"800\" height=\"800\" src=\"https:\/\/www.dychajsam.sk\/wp-content\/uploads\/2026\/01\/logo-DS.svg\" class=\"attachment-large size-large wp-image-46\" alt=\"\" \/>\t\t\t\t\t\t\t\t\t\t\t\t\t\t\t<\/div>\n\t\t\t\t<div class=\"elementor-element elementor-element-53c6e58 elementor-shape-rounded elementor-grid-0 e-grid-align-center elementor-widget elementor-widget-social-icons\" data-id=\"53c6e58\" data-element_type=\"widget\" data-widget_type=\"social-icons.default\">\n\t\t\t\t\t\t\t<div class=\"elementor-social-icons-wrapper elementor-grid\">\n\t\t\t\t\t\t\t<span class=\"elementor-grid-item\">\n\t\t\t\t\t<a class=\"elementor-icon elementor-social-icon elementor-social-icon-facebook elementor-animation-grow elementor-repeater-item-55d0575\" href=\"https:\/\/www.facebook.com\/profile.php?id=100065002982076\" target=\"_blank\">\n\t\t\t\t\t\t<span class=\"elementor-screen-only\">Facebook<\/span>\n\t\t\t\t\t\t<svg aria-hidden=\"true\" class=\"e-font-icon-svg e-fab-facebook\" viewBox=\"0 0 512 512\" xmlns=\"http:\/\/www.w3.org\/2000\/svg\"><path d=\"M504 256C504 119 393 8 256 8S8 119 8 256c0 123.78 90.69 226.38 209.25 245V327.69h-63V256h63v-54.64c0-62.15 37-96.48 93.67-96.48 27.14 0 55.52 4.84 55.52 4.84v61h-31.28c-30.8 0-40.41 19.12-40.41 38.73V256h68.78l-11 71.69h-57.78V501C413.31 482.38 504 379.78 504 256z\"><\/path><\/svg>\t\t\t\t\t<\/a>\n\t\t\t\t<\/span>\n\t\t\t\t\t<\/div>\n\t\t\t\t\t\t<\/div>\n\t\t\t\t<\/div>\n\t\t<div class=\"elementor-element elementor-element-ca7b1f6 e-con-full e-flex e-con e-child\" data-id=\"ca7b1f6\" data-element_type=\"container\">\n\t\t<div class=\"elementor-element elementor-element-f50bdab e-con-full e-flex e-con e-child\" data-id=\"f50bdab\" data-element_type=\"container\">\n\t\t\t\t<div class=\"elementor-element elementor-element-2f253ab elementor-widget elementor-widget-heading\" data-id=\"2f253ab\" data-element_type=\"widget\" data-widget_type=\"heading.default\">\n\t\t\t\t\t<h2 class=\"elementor-heading-title elementor-size-default\">Ahojte!<\/h2>\t\t\t\t<\/div>\n\t\t\t\t<div class=\"elementor-element elementor-element-8bb0380 elementor-widget elementor-widget-heading\" data-id=\"8bb0380\" data-element_type=\"widget\" data-widget_type=\"heading.default\">\n\t\t\t\t\t<h1 class=\"elementor-heading-title elementor-size-default\">Vitajte na mojej str\u00e1nke \ud83d\ude42<\/h1>\t\t\t\t<\/div>\n\t\t\t\t<div class=\"elementor-element elementor-element-dd43199 elementor-widget elementor-widget-heading\" data-id=\"dd43199\" data-element_type=\"widget\" data-widget_type=\"heading.default\">\n\t\t\t\t\t<h3 class=\"elementor-heading-title elementor-size-default\">Vol\u00e1m sa <strong>M\u00e9ry \u00c1d\u00e1m<\/strong> a v roku 2016 som prist\u00e1l na tomto svete ako poriadne v\u00fdnimo\u010dn\u00fd \u201emal\u00fd pilot\u201c. So sebou som si priniesol aj ve\u013emi vz\u00e1cnu genetick\u00fa diagn\u00f3zu - Myotubul\u00e1rnu Myopatiu.<\/h3>\t\t\t\t<\/div>\n\t\t\t\t<\/div>\n\t\t<div class=\"elementor-element elementor-element-122cff8 e-con-full e-flex e-con e-child\" data-id=\"122cff8\" data-element_type=\"container\">\n\t\t\t\t<div class=\"elementor-element elementor-element-dd97ff5 e-transform e-transform elementor-widget elementor-widget-image\" data-id=\"dd97ff5\" data-element_type=\"widget\" data-settings=\"{&quot;_transform_rotateZ_effect&quot;:{&quot;unit&quot;:&quot;px&quot;,&quot;size&quot;:5,&quot;sizes&quot;:[]},&quot;_transform_rotateZ_effect_hover&quot;:{&quot;unit&quot;:&quot;px&quot;,&quot;size&quot;:-5,&quot;sizes&quot;:[]},&quot;_transform_rotateZ_effect_tablet&quot;:{&quot;unit&quot;:&quot;deg&quot;,&quot;size&quot;:&quot;&quot;,&quot;sizes&quot;:[]},&quot;_transform_rotateZ_effect_mobile&quot;:{&quot;unit&quot;:&quot;deg&quot;,&quot;size&quot;:&quot;&quot;,&quot;sizes&quot;:[]},&quot;_transform_rotateZ_effect_hover_tablet&quot;:{&quot;unit&quot;:&quot;deg&quot;,&quot;size&quot;:&quot;&quot;,&quot;sizes&quot;:[]},&quot;_transform_rotateZ_effect_hover_mobile&quot;:{&quot;unit&quot;:&quot;deg&quot;,&quot;size&quot;:&quot;&quot;,&quot;sizes&quot;:[]}}\" data-widget_type=\"image.default\">\n\t\t\t\t\t\t\t\t\t\t\t\t\t\t\t<img decoding=\"async\" width=\"800\" height=\"534\" src=\"https:\/\/www.dychajsam.sk\/wp-content\/uploads\/2026\/01\/da8f6de1-1ccd-4120-a9fb-4036a0f2890c-2-1024x683.jpg\" class=\"attachment-large size-large wp-image-19\" alt=\"\" srcset=\"https:\/\/www.dychajsam.sk\/wp-content\/uploads\/2026\/01\/da8f6de1-1ccd-4120-a9fb-4036a0f2890c-2-1024x683.jpg 1024w, https:\/\/www.dychajsam.sk\/wp-content\/uploads\/2026\/01\/da8f6de1-1ccd-4120-a9fb-4036a0f2890c-2-300x200.jpg 300w, https:\/\/www.dychajsam.sk\/wp-content\/uploads\/2026\/01\/da8f6de1-1ccd-4120-a9fb-4036a0f2890c-2-768x512.jpg 768w, https:\/\/www.dychajsam.sk\/wp-content\/uploads\/2026\/01\/da8f6de1-1ccd-4120-a9fb-4036a0f2890c-2-1536x1024.jpg 1536w, https:\/\/www.dychajsam.sk\/wp-content\/uploads\/2026\/01\/da8f6de1-1ccd-4120-a9fb-4036a0f2890c-2.jpg 2048w\" sizes=\"(max-width: 800px) 100vw, 800px\" \/>\t\t\t\t\t\t\t\t\t\t\t\t\t\t\t<\/div>\n\t\t\t\t<\/div>\n\t\t\t\t<\/div>\n\t\t\t\t\t<\/div>\n\t\t\t\t<\/div>\n\t\t<div class=\"elementor-element elementor-element-5a20a2c e-flex e-con-boxed e-con e-parent\" data-id=\"5a20a2c\" data-element_type=\"container\">\n\t\t\t\t\t<div class=\"e-con-inner\">\n\t\t<div class=\"elementor-element elementor-element-f7a155a e-con-full e-flex e-con e-child\" data-id=\"f7a155a\" data-element_type=\"container\">\n\t\t\t\t<div class=\"elementor-element elementor-element-fb61d97 elementor-widget elementor-widget-gallery\" data-id=\"fb61d97\" data-element_type=\"widget\" data-settings=\"{&quot;gallery_layout&quot;:&quot;masonry&quot;,&quot;columns&quot;:2,&quot;columns_mobile&quot;:2,&quot;lazyload&quot;:&quot;yes&quot;,&quot;columns_tablet&quot;:2,&quot;gap&quot;:{&quot;unit&quot;:&quot;px&quot;,&quot;size&quot;:10,&quot;sizes&quot;:[]},&quot;gap_tablet&quot;:{&quot;unit&quot;:&quot;px&quot;,&quot;size&quot;:10,&quot;sizes&quot;:[]},&quot;gap_mobile&quot;:{&quot;unit&quot;:&quot;px&quot;,&quot;size&quot;:10,&quot;sizes&quot;:[]},&quot;link_to&quot;:&quot;file&quot;,&quot;overlay_background&quot;:&quot;yes&quot;,&quot;content_hover_animation&quot;:&quot;fade-in&quot;}\" data-widget_type=\"gallery.default\">\n\t\t\t\t\t\t\t<div class=\"elementor-gallery__container\">\n\t\t\t\t\t\t\t<a class=\"e-gallery-item elementor-gallery-item elementor-animated-content\" href=\"https:\/\/www.dychajsam.sk\/wp-content\/uploads\/2026\/01\/574058744_1207258808117541_8586421411478485422_n-2.jpg\" data-elementor-open-lightbox=\"yes\" data-elementor-lightbox-slideshow=\"fb61d97\" data-elementor-lightbox-title=\"574058744_1207258808117541_8586421411478485422_n\" data-e-action-hash=\"#elementor-action%3Aaction%3Dlightbox%26settings%3DeyJpZCI6MzMsInVybCI6Imh0dHBzOlwvXC93d3cuZHljaGFqc2FtLnNrXC93cC1jb250ZW50XC91cGxvYWRzXC8yMDI2XC8wMVwvNTc0MDU4NzQ0XzEyMDcyNTg4MDgxMTc1NDFfODU4NjQyMTQxMTQ3ODQ4NTQyMl9uLTIuanBnIiwic2xpZGVzaG93IjoiZmI2MWQ5NyJ9\">\n\t\t\t\t\t<div class=\"e-gallery-image elementor-gallery-item__image\" data-thumbnail=\"https:\/\/www.dychajsam.sk\/wp-content\/uploads\/2026\/01\/574058744_1207258808117541_8586421411478485422_n-2-225x300.jpg\" data-width=\"225\" data-height=\"300\" aria-label=\"\" role=\"img\" ><\/div>\n\t\t\t\t\t\t\t\t\t\t\t<div class=\"elementor-gallery-item__overlay\"><\/div>\n\t\t\t\t\t\t\t\t\t\t\t\t\t\t<\/a>\n\t\t\t\t\t\t\t<a class=\"e-gallery-item elementor-gallery-item elementor-animated-content\" href=\"https:\/\/www.dychajsam.sk\/wp-content\/uploads\/2026\/01\/49457150_386643345239449_409681833555394560_n-2.jpg\" data-elementor-open-lightbox=\"yes\" data-elementor-lightbox-slideshow=\"fb61d97\" data-elementor-lightbox-title=\"49457150_386643345239449_409681833555394560_n\" data-e-action-hash=\"#elementor-action%3Aaction%3Dlightbox%26settings%3DeyJpZCI6MzQsInVybCI6Imh0dHBzOlwvXC93d3cuZHljaGFqc2FtLnNrXC93cC1jb250ZW50XC91cGxvYWRzXC8yMDI2XC8wMVwvNDk0NTcxNTBfMzg2NjQzMzQ1MjM5NDQ5XzQwOTY4MTgzMzU1NTM5NDU2MF9uLTIuanBnIiwic2xpZGVzaG93IjoiZmI2MWQ5NyJ9\">\n\t\t\t\t\t<div class=\"e-gallery-image elementor-gallery-item__image\" data-thumbnail=\"https:\/\/www.dychajsam.sk\/wp-content\/uploads\/2026\/01\/49457150_386643345239449_409681833555394560_n-2-300x225.jpg\" data-width=\"300\" data-height=\"225\" aria-label=\"\" role=\"img\" ><\/div>\n\t\t\t\t\t\t\t\t\t\t\t<div class=\"elementor-gallery-item__overlay\"><\/div>\n\t\t\t\t\t\t\t\t\t\t\t\t\t\t<\/a>\n\t\t\t\t\t\t\t<a class=\"e-gallery-item elementor-gallery-item elementor-animated-content\" href=\"https:\/\/www.dychajsam.sk\/wp-content\/uploads\/2026\/01\/119841654_767239677179812_6544782333468469544_n-2.jpg\" data-elementor-open-lightbox=\"yes\" data-elementor-lightbox-slideshow=\"fb61d97\" data-elementor-lightbox-title=\"119841654_767239677179812_6544782333468469544_n\" data-e-action-hash=\"#elementor-action%3Aaction%3Dlightbox%26settings%3DeyJpZCI6MzYsInVybCI6Imh0dHBzOlwvXC93d3cuZHljaGFqc2FtLnNrXC93cC1jb250ZW50XC91cGxvYWRzXC8yMDI2XC8wMVwvMTE5ODQxNjU0Xzc2NzIzOTY3NzE3OTgxMl82NTQ0NzgyMzMzNDY4NDY5NTQ0X24tMi5qcGciLCJzbGlkZXNob3ciOiJmYjYxZDk3In0%3D\">\n\t\t\t\t\t<div class=\"e-gallery-image elementor-gallery-item__image\" data-thumbnail=\"https:\/\/www.dychajsam.sk\/wp-content\/uploads\/2026\/01\/119841654_767239677179812_6544782333468469544_n-2-225x300.jpg\" data-width=\"225\" data-height=\"300\" aria-label=\"\" role=\"img\" ><\/div>\n\t\t\t\t\t\t\t\t\t\t\t<div class=\"elementor-gallery-item__overlay\"><\/div>\n\t\t\t\t\t\t\t\t\t\t\t\t\t\t<\/a>\n\t\t\t\t\t\t\t<a class=\"e-gallery-item elementor-gallery-item elementor-animated-content\" href=\"https:\/\/www.dychajsam.sk\/wp-content\/uploads\/2026\/01\/615558256_1260253079484780_3463614624649229025_n-2.jpg\" data-elementor-open-lightbox=\"yes\" data-elementor-lightbox-slideshow=\"fb61d97\" data-elementor-lightbox-title=\"615558256_1260253079484780_3463614624649229025_n\" data-e-action-hash=\"#elementor-action%3Aaction%3Dlightbox%26settings%3DeyJpZCI6MzUsInVybCI6Imh0dHBzOlwvXC93d3cuZHljaGFqc2FtLnNrXC93cC1jb250ZW50XC91cGxvYWRzXC8yMDI2XC8wMVwvNjE1NTU4MjU2XzEyNjAyNTMwNzk0ODQ3ODBfMzQ2MzYxNDYyNDY0OTIyOTAyNV9uLTIuanBnIiwic2xpZGVzaG93IjoiZmI2MWQ5NyJ9\">\n\t\t\t\t\t<div class=\"e-gallery-image elementor-gallery-item__image\" data-thumbnail=\"https:\/\/www.dychajsam.sk\/wp-content\/uploads\/2026\/01\/615558256_1260253079484780_3463614624649229025_n-2-300x298.jpg\" data-width=\"300\" data-height=\"298\" aria-label=\"\" role=\"img\" ><\/div>\n\t\t\t\t\t\t\t\t\t\t\t<div class=\"elementor-gallery-item__overlay\"><\/div>\n\t\t\t\t\t\t\t\t\t\t\t\t\t\t<\/a>\n\t\t\t\t\t<\/div>\n\t\t\t\t\t<\/div>\n\t\t\t\t<\/div>\n\t\t<div class=\"elementor-element elementor-element-7c11c7e e-con-full e-flex e-con e-child\" data-id=\"7c11c7e\" data-element_type=\"container\">\n\t\t\t\t<div class=\"elementor-element elementor-element-cf38f51 elementor-widget elementor-widget-heading\" data-id=\"cf38f51\" data-element_type=\"widget\" data-widget_type=\"heading.default\">\n\t\t\t\t\t<h3 class=\"elementor-heading-title elementor-size-default\">Na Slovensku aj v Eur\u00f3pe je n\u00e1s tak\u00fdch naozaj m\u00e1lo, tak\u017ee v nie\u010dom som fakt origin\u00e1l \ud83d\ude0e Nebojte sa, nie je to \u017eiadna dr\u00e1ma. S pomocou mojich \u00fa\u017easn\u00fdch rodi\u010dov a skvel\u00fdch lek\u00e1rov m\u00e1me nastaven\u00fd tak\u00fd \u017eivotn\u00fd re\u017eim, v\u010faka ktor\u00e9mu m\u00f4\u017eem fungova\u0165, u\u010di\u0165 sa a robi\u0165 v\u0161etko mo\u017en\u00e9 super veci. K tomu v\u0161ak potrebujem pravideln\u00e9 rehabilit\u00e1cie a \u0161peci\u00e1lne pom\u00f4cky \u2013 a pr\u00e1ve tu zohr\u00e1vaj\u00fa ve\u013ek\u00fa rolu aj 2 % z dan\u00ed. Ka\u017ed\u00e9 jedno percento mi pom\u00e1ha pos\u00fava\u0165 sa \u010falej \ud83d\udc99 <\/h3>\t\t\t\t<\/div>\n\t\t\t\t<div class=\"elementor-element elementor-element-c5b2383 elementor-widget elementor-widget-heading\" data-id=\"c5b2383\" data-element_type=\"widget\" data-widget_type=\"heading.default\">\n\t\t\t\t\t<h3 class=\"elementor-heading-title elementor-size-default\">A aby ste vedeli, ne\u017eijem len terapiami! Chod\u00edm do z\u00e1kladnej \u0161koly v Holiciach, r\u00e1d hr\u00e1m na klav\u00edri, milujem Nintendo a mojimi top hrdinami s\u00fa Sonic, SpongeBob a Mario. Bav\u00ed ma ch\u00e9mia, fyzika, sloven\u010dina aj angli\u010dtina , - skr\u00e1tka, zvedav\u00fd typ.<\/h3>\t\t\t\t<\/div>\n\t\t\t\t<\/div>\n\t\t\t\t\t<\/div>\n\t\t\t\t<\/div>\n\t\t<div class=\"elementor-element elementor-element-557732c e-flex e-con-boxed e-con e-parent\" data-id=\"557732c\" data-element_type=\"container\" data-settings=\"{&quot;background_background&quot;:&quot;classic&quot;}\">\n\t\t\t\t\t<div class=\"e-con-inner\">\n\t\t\t\t<div class=\"elementor-element elementor-element-483048f elementor-widget elementor-widget-image\" data-id=\"483048f\" data-element_type=\"widget\" data-widget_type=\"image.default\">\n\t\t\t\t\t\t\t\t\t\t\t\t\t\t\t<img decoding=\"async\" width=\"736\" height=\"433\" src=\"https:\/\/www.dychajsam.sk\/wp-content\/uploads\/2026\/01\/0bd196518db2b99f7cc4ff3b12cbdf55.png\" class=\"attachment-large size-large wp-image-55\" alt=\"\" srcset=\"https:\/\/www.dychajsam.sk\/wp-content\/uploads\/2026\/01\/0bd196518db2b99f7cc4ff3b12cbdf55.png 736w, https:\/\/www.dychajsam.sk\/wp-content\/uploads\/2026\/01\/0bd196518db2b99f7cc4ff3b12cbdf55-300x176.png 300w\" sizes=\"(max-width: 736px) 100vw, 736px\" \/>\t\t\t\t\t\t\t\t\t\t\t\t\t\t\t<\/div>\n\t\t\t\t\t<\/div>\n\t\t\t\t<\/div>\n\t\t<div class=\"elementor-element elementor-element-3c308e4 e-flex e-con-boxed e-con e-parent\" data-id=\"3c308e4\" data-element_type=\"container\">\n\t\t\t\t\t<div class=\"e-con-inner\">\n\t\t\t\t<div class=\"elementor-element elementor-element-0dcb8b4 elementor-grid-1 elementor-grid-tablet-1 elementor-grid-mobile-1 elementor-widget elementor-widget-loop-grid\" data-id=\"0dcb8b4\" data-element_type=\"widget\" data-settings=\"{&quot;template_id&quot;:85,&quot;columns&quot;:1,&quot;columns_tablet&quot;:1,&quot;_skin&quot;:&quot;post&quot;,&quot;columns_mobile&quot;:&quot;1&quot;,&quot;edit_handle_selector&quot;:&quot;[data-elementor-type=\\&quot;loop-item\\&quot;]&quot;,&quot;row_gap&quot;:{&quot;unit&quot;:&quot;px&quot;,&quot;size&quot;:&quot;&quot;,&quot;sizes&quot;:[]},&quot;row_gap_tablet&quot;:{&quot;unit&quot;:&quot;px&quot;,&quot;size&quot;:&quot;&quot;,&quot;sizes&quot;:[]},&quot;row_gap_mobile&quot;:{&quot;unit&quot;:&quot;px&quot;,&quot;size&quot;:&quot;&quot;,&quot;sizes&quot;:[]}}\" data-widget_type=\"loop-grid.post\">\n\t\t\t\t<div class=\"elementor-widget-container\">\n\t\t\t\t\t\t\t<div class=\"elementor-loop-container elementor-grid\" role=\"list\">\n\t\t<style id=\"loop-85\">.elementor-85 .elementor-element.elementor-element-d047342{--display:flex;--flex-direction:row;--container-widget-width:calc( ( 1 - var( --container-widget-flex-grow ) ) * 100% );--container-widget-height:100%;--container-widget-flex-grow:1;--container-widget-align-self:stretch;--flex-wrap-mobile:wrap;--align-items:center;}.elementor-85 .elementor-element.elementor-element-286400a{--display:flex;}.elementor-widget-image .widget-image-caption{color:var( --e-global-color-text );font-family:var( --e-global-typography-text-font-family ), Sans-serif;font-weight:var( --e-global-typography-text-font-weight );}.elementor-85 .elementor-element.elementor-element-7aff9a4 img{width:100%;max-width:100%;}.elementor-85 .elementor-element.elementor-element-8805e83{--display:flex;}.elementor-widget-heading .elementor-heading-title{font-family:var( --e-global-typography-primary-font-family ), Sans-serif;font-weight:var( --e-global-typography-primary-font-weight );color:var( --e-global-color-primary );}.elementor-85 .elementor-element.elementor-element-31fceef{text-align:start;}.elementor-85 .elementor-element.elementor-element-31fceef .elementor-heading-title{font-family:\"Indie Flower\", Sans-serif;font-size:40px;font-weight:500;color:#000000;}.elementor-85 .elementor-element.elementor-element-2f0f884{text-align:start;}.elementor-85 .elementor-element.elementor-element-2f0f884 .elementor-heading-title{font-family:\"Montserrat\", Sans-serif;font-size:20px;font-weight:400;line-height:30px;color:#000000;}.elementor-widget-button .elementor-button{background-color:var( --e-global-color-accent );font-family:var( --e-global-typography-accent-font-family ), Sans-serif;font-weight:var( --e-global-typography-accent-font-weight );}.elementor-85 .elementor-element.elementor-element-e4efeab .elementor-button{background-color:#FFFFFF;font-family:var( --e-global-typography-primary-font-family ), Sans-serif;font-weight:var( --e-global-typography-primary-font-weight );fill:#B10303;color:#B10303;border-style:solid;border-width:2px 2px 2px 2px;border-color:#B10303;border-radius:100px 100px 100px 100px;}.elementor-85 .elementor-element.elementor-element-e4efeab .elementor-button:hover, .elementor-85 .elementor-element.elementor-element-e4efeab .elementor-button:focus{background-color:#B10303;color:#FFFFFF;border-color:#B10303;}.elementor-85 .elementor-element.elementor-element-e4efeab .elementor-button:hover svg, .elementor-85 .elementor-element.elementor-element-e4efeab .elementor-button:focus svg{fill:#FFFFFF;}@media(min-width:768px){.elementor-85 .elementor-element.elementor-element-286400a{--width:60%;}}@media(max-width:1024px){.elementor-85 .elementor-element.elementor-element-31fceef{text-align:start;}.elementor-85 .elementor-element.elementor-element-31fceef .elementor-heading-title{font-size:30px;}.elementor-85 .elementor-element.elementor-element-2f0f884{text-align:start;}}@media(max-width:767px){.elementor-85 .elementor-element.elementor-element-31fceef .elementor-heading-title{font-size:36px;}}<\/style>\t\t<div data-elementor-type=\"loop-item\" data-elementor-id=\"85\" class=\"elementor elementor-85 e-loop-item e-loop-item-78 post-78 post type-post status-publish format-standard has-post-thumbnail hentry category-nezaradene\" data-elementor-post-type=\"elementor_library\" data-custom-edit-handle=\"1\">\n\t\t\t<div class=\"elementor-element elementor-element-d047342 e-flex e-con-boxed e-con e-parent\" data-id=\"d047342\" data-element_type=\"container\">\n\t\t\t\t\t<div class=\"e-con-inner\">\n\t\t<div class=\"elementor-element elementor-element-286400a e-con-full e-flex e-con e-child\" data-id=\"286400a\" data-element_type=\"container\">\n\t\t\t\t<div class=\"elementor-element elementor-element-7aff9a4 elementor-widget elementor-widget-image\" data-id=\"7aff9a4\" data-element_type=\"widget\" data-widget_type=\"image.default\">\n\t\t\t\t\t\t\t\t\t\t\t\t\t\t\t\t<a href=\"https:\/\/www.dychajsam.sk\/wp-content\/uploads\/2026\/02\/SK-zbierka-_new.jpg\" data-elementor-open-lightbox=\"yes\" data-elementor-lightbox-title=\"SK zbierka _new\" data-e-action-hash=\"#elementor-action%3Aaction%3Dlightbox%26settings%3DeyJpZCI6NzksInVybCI6Imh0dHBzOlwvXC93d3cuZHljaGFqc2FtLnNrXC93cC1jb250ZW50XC91cGxvYWRzXC8yMDI2XC8wMlwvU0stemJpZXJrYS1fbmV3LmpwZyJ9\">\n\t\t\t\t\t\t\t<img loading=\"lazy\" decoding=\"async\" width=\"576\" height=\"1024\" src=\"https:\/\/www.dychajsam.sk\/wp-content\/uploads\/2026\/02\/SK-zbierka-_new-576x1024.jpg\" class=\"attachment-large size-large wp-image-79\" alt=\"\" srcset=\"https:\/\/www.dychajsam.sk\/wp-content\/uploads\/2026\/02\/SK-zbierka-_new-576x1024.jpg 576w, https:\/\/www.dychajsam.sk\/wp-content\/uploads\/2026\/02\/SK-zbierka-_new-169x300.jpg 169w, https:\/\/www.dychajsam.sk\/wp-content\/uploads\/2026\/02\/SK-zbierka-_new-768x1365.jpg 768w, https:\/\/www.dychajsam.sk\/wp-content\/uploads\/2026\/02\/SK-zbierka-_new-864x1536.jpg 864w, https:\/\/www.dychajsam.sk\/wp-content\/uploads\/2026\/02\/SK-zbierka-_new.jpg 1080w\" sizes=\"(max-width: 576px) 100vw, 576px\" \/>\t\t\t\t\t\t\t\t<\/a>\n\t\t\t\t\t\t\t\t\t\t\t\t\t\t\t<\/div>\n\t\t\t\t<\/div>\n\t\t<div class=\"elementor-element elementor-element-8805e83 e-con-full e-flex e-con e-child\" data-id=\"8805e83\" data-element_type=\"container\">\n\t\t\t\t<div class=\"elementor-element elementor-element-31fceef elementor-widget elementor-widget-heading\" data-id=\"31fceef\" data-element_type=\"widget\" data-widget_type=\"heading.default\">\n\t\t\t\t\t<h2 class=\"elementor-heading-title elementor-size-default\">\ud83d\udc99 DARUJME SLOBODU POHYBU PRE ADAMKA \ud83c\udf81 PRISPEJ A VYHRAJ HODNOTN\u00c9 CENY<\/h2>\t\t\t\t<\/div>\n\t\t\t\t<div class=\"elementor-element elementor-element-2f0f884 elementor-widget elementor-widget-heading\" data-id=\"2f0f884\" data-element_type=\"widget\" data-widget_type=\"heading.default\">\n\t\t\t\t\t<h3 class=\"elementor-heading-title elementor-size-default\">Adamko m\u00e1 9 rokov. Kv\u00f4li \u0165a\u017ekej diagn\u00f3ze sa pohybuje na voz\u00edku. Napriek svojmu hendikepu je usmievav\u00fd chlapec pln\u00fd chuti do \u017eivota. Ka\u017edodenn\u00e9 cvi\u010denie je pre neho nevyhnutn\u00e9 - pom\u00e1ha mu posil\u0148ova\u0165 svaly, zlep\u0161ova\u0165 stabilitu a robi\u0165 mal\u00e9, ale d\u00f4le\u017eit\u00e9 kroky vpred.\u00a0<\/h3>\t\t\t\t<\/div>\n\t\t\t\t<div class=\"elementor-element elementor-element-e4efeab elementor-widget elementor-widget-button\" data-id=\"e4efeab\" data-element_type=\"widget\" data-widget_type=\"button.default\">\n\t\t\t\t\t\t\t\t\t\t<a class=\"elementor-button elementor-button-link elementor-size-sm\" href=\"https:\/\/www.dychajsam.sk\/?p=78\">\n\t\t\t\t\t\t<span class=\"elementor-button-content-wrapper\">\n\t\t\t\t\t\t\t\t\t<span class=\"elementor-button-text\">Zobrazi\u0165<\/span>\n\t\t\t\t\t<\/span>\n\t\t\t\t\t<\/a>\n\t\t\t\t\t\t\t\t<\/div>\n\t\t\t\t<\/div>\n\t\t\t\t\t<\/div>\n\t\t\t\t<\/div>\n\t\t\t\t<\/div>\n\t\t\t\t<\/div>\n\t\t\n\t\t\t\t\t\t<\/div>\n\t\t\t\t<\/div>\n\t\t\t\t\t<\/div>\n\t\t\t\t<\/div>\n\t\t<div class=\"elementor-element elementor-element-33ac3db e-flex e-con-boxed e-con e-parent\" data-id=\"33ac3db\" data-element_type=\"container\">\n\t\t\t\t\t<div class=\"e-con-inner\">\n\t\t\t\t<div class=\"elementor-element elementor-element-5d57c06 elementor-widget elementor-widget-heading\" data-id=\"5d57c06\" data-element_type=\"widget\" data-widget_type=\"heading.default\">\n\t\t\t\t\t<h2 class=\"elementor-heading-title elementor-size-default\">\u010eakujem, \u017ee ste tu, <\/h2>\t\t\t\t<\/div>\n\t\t\t\t<div class=\"elementor-element elementor-element-0c464d2 elementor-widget elementor-widget-heading\" data-id=\"0c464d2\" data-element_type=\"widget\" data-widget_type=\"heading.default\">\n\t\t\t\t\t<h1 class=\"elementor-heading-title elementor-size-default\">\u017ee ma sledujete a \u017ee let\u00edte touto cestou spolu so mnou \ud83d\ude80<\/h1>\t\t\t\t<\/div>\n\t\t\t\t\t<\/div>\n\t\t\t\t<\/div>\n\t\t<div class=\"elementor-element elementor-element-e7c5a5d e-flex e-con-boxed e-con e-parent\" data-id=\"e7c5a5d\" data-element_type=\"container\" data-settings=\"{&quot;background_background&quot;:&quot;classic&quot;,&quot;shape_divider_top&quot;:&quot;arrow&quot;}\">\n\t\t\t\t\t<div class=\"e-con-inner\">\n\t\t\t\t<div class=\"elementor-shape elementor-shape-top\" aria-hidden=\"true\" data-negative=\"false\">\n\t\t\t<svg xmlns=\"http:\/\/www.w3.org\/2000\/svg\" viewBox=\"0 0 700 10\" preserveAspectRatio=\"none\">\n\t<path class=\"elementor-shape-fill\" d=\"M350,10L340,0h20L350,10z\"\/>\n<\/svg>\t\t<\/div>\n\t\t\t\t<div class=\"elementor-element elementor-element-4e6abbd elementor-widget elementor-widget-image\" data-id=\"4e6abbd\" data-element_type=\"widget\" data-widget_type=\"image.default\">\n\t\t\t\t\t\t\t\t\t\t\t\t\t\t\t<img fetchpriority=\"high\" decoding=\"async\" width=\"800\" height=\"800\" src=\"https:\/\/www.dychajsam.sk\/wp-content\/uploads\/2026\/01\/logo-DS.svg\" class=\"attachment-large size-large wp-image-46\" alt=\"\" \/>\t\t\t\t\t\t\t\t\t\t\t\t\t\t\t<\/div>\n\t\t\t\t<div class=\"elementor-element elementor-element-359e06d elementor-widget elementor-widget-heading\" data-id=\"359e06d\" data-element_type=\"widget\" data-widget_type=\"heading.default\">\n\t\t\t\t\t<h1 class=\"elementor-heading-title elementor-size-default\">Ob\u010dianske zdru\u017eenie D\u00fdchaj s\u00e1m<\/h1>\t\t\t\t<\/div>\n\t\t\t\t<div class=\"elementor-element elementor-element-3a44c62 elementor-widget elementor-widget-heading\" data-id=\"3a44c62\" data-element_type=\"widget\" data-widget_type=\"heading.default\">\n\t\t\t\t\t<h1 class=\"elementor-heading-title elementor-size-default\">I\u010cO: <strong>50650149<\/strong> | \u010c\u00edslo \u00fa\u010dtu: <strong>SK41 0900 0000 0051 3898 5351<\/strong><\/h1>\t\t\t\t<\/div>\n\t\t\t\t\t<\/div>\n\t\t\t\t<\/div>\n\t\t\t\t<\/div>\n\t\t","protected":false},"excerpt":{"rendered":"<p>Facebook Ahojte! Vitajte na mojej str\u00e1nke \ud83d\ude42 Vol\u00e1m sa M\u00e9ry \u00c1d\u00e1m a v roku 2016 som prist\u00e1l na tomto svete ako poriadne v\u00fdnimo\u010dn\u00fd \u201emal\u00fd pilot\u201c. So sebou som si priniesol aj ve\u013emi vz\u00e1cnu genetick\u00fa diagn\u00f3zu &#8211; Myotubul\u00e1rnu Myopatiu. Na Slovensku aj v Eur\u00f3pe je n\u00e1s tak\u00fdch naozaj m\u00e1lo, tak\u017ee v nie\u010dom som fakt origin\u00e1l \ud83d\ude0e [&hellip;]<\/p>\n","protected":false},"author":1,"featured_media":0,"parent":0,"menu_order":0,"comment_status":"closed","ping_status":"closed","template":"elementor_canvas","meta":{"inline_featured_image":false,"footnotes":""},"class_list":["post-6","page","type-page","status-publish","hentry"],"_links":{"self":[{"href":"https:\/\/www.dychajsam.sk\/index.php?rest_route=\/wp\/v2\/pages\/6","targetHints":{"allow":["GET"]}}],"collection":[{"href":"https:\/\/www.dychajsam.sk\/index.php?rest_route=\/wp\/v2\/pages"}],"about":[{"href":"https:\/\/www.dychajsam.sk\/index.php?rest_route=\/wp\/v2\/types\/page"}],"author":[{"embeddable":true,"href":"https:\/\/www.dychajsam.sk\/index.php?rest_route=\/wp\/v2\/users\/1"}],"replies":[{"embeddable":true,"href":"https:\/\/www.dychajsam.sk\/index.php?rest_route=%2Fwp%2Fv2%2Fcomments&post=6"}],"version-history":[{"count":58,"href":"https:\/\/www.dychajsam.sk\/index.php?rest_route=\/wp\/v2\/pages\/6\/revisions"}],"predecessor-version":[{"id":100,"href":"https:\/\/www.dychajsam.sk\/index.php?rest_route=\/wp\/v2\/pages\/6\/revisions\/100"}],"wp:attachment":[{"href":"https:\/\/www.dychajsam.sk\/index.php?rest_route=%2Fwp%2Fv2%2Fmedia&parent=6"}],"curies":[{"name":"wp","href":"https:\/\/api.w.org\/{rel}","templated":true}]}}